{"id":2425,"date":"2025-07-09T16:28:20","date_gmt":"2025-07-09T14:28:20","guid":{"rendered":"https:\/\/www.nucleoo.com\/?page_id=2425"},"modified":"2025-09-18T11:56:28","modified_gmt":"2025-09-18T09:56:28","slug":"security-quality-management","status":"publish","type":"page","link":"https:\/\/www.nucleoo.com\/es\/legal\/security-quality-management\/","title":{"rendered":"Gesti\u00f3n de la seguridad y la calidad"},"content":{"rendered":"<h2>GESTI\u00d3N DE LA SEGURIDAD Y LA CALIDAD<\/h2>\n<h3>Sistema de Gesti\u00f3n de Seguridad de la Informaci\u00f3n Certificaci\u00f3n ISO 27001 Sistema de Gesti\u00f3n de la Calidad Certificaci\u00f3n ISO 9001<\/h3>\n<p>Los Sistemas de Gesti\u00f3n de Seguridad de la Informaci\u00f3n y de la Calidad de Nucleoo est\u00e1n certificados conforme al cumplimiento de los requisitos de las normas ISO\/IEC 27001 e ISO 9001.<\/p>\n<p>Nucleoo considera la gesti\u00f3n de la Seguridad de la Informaci\u00f3n y de la Calidad como activos clave dentro de su estrategia de modelo de negocio, en la que la tecnolog\u00eda desempe\u00f1a un papel fundamental para ofrecer los servicios y soluciones de seguridad m\u00e1s avanzados y eficientes del mercado, aportando as\u00ed a nuestros clientes un alto valor a\u00f1adido.<\/p>\n<p>Las certificaciones ISO 27001 e ISO 9001 ofrecen a nuestros clientes, as\u00ed como a nuestros proveedores y empleados, una mayor garant\u00eda en el tratamiento de la informaci\u00f3n y los datos, reduciendo los riesgos de fraude, p\u00e9rdida o cualquier otro tipo de fuga de informaci\u00f3n.<\/p>\n<p>La informaci\u00f3n se protege en t\u00e9rminos de:<\/p>\n<ul>\n<li>Confidencialidad: La informaci\u00f3n no se revela ni se divulga a personas, entidades o procesos no autorizados.<\/li>\n<li>Integridad: Proteger la exactitud e integridad de la informaci\u00f3n y de los m\u00e9todos utilizados para procesarla y gestionarla.<\/li>\n<li>Disponibilidad: Garantizar el acceso y uso de la informaci\u00f3n y de los sistemas de su tratamiento por parte de las personas, entidades o procesos autorizados cuando sea necesario.<\/li>\n<\/ul>\n<p>Con el fin de garantizar que la seguridad de la informaci\u00f3n sea gestionada correctamente por Nucleoo, hemos creado y utilizamos un proceso sistem\u00e1tico, documentado y conocido en toda la organizaci\u00f3n, que constituye el Sistema de Gesti\u00f3n de la Seguridad de la Informaci\u00f3n (SGSI) y el Sistema de Gesti\u00f3n de la Calidad (SGC).<\/p>\n<p>Esta pol\u00edtica establece una estructura para la definici\u00f3n de objetivos. La direcci\u00f3n de Nucleoo se compromete a cumplir con la normativa vigente y a mejorar continuamente nuestros sistemas de gesti\u00f3n.<\/p>\n<p>Con estas certificaciones, Nucleoo ofrece un mayor compromiso con la calidad y la seguridad de la informaci\u00f3n en todos los servicios que prestamos.<\/p>\n<p>&nbsp;<\/p>\n<p style=\"text-align: center;\"><img loading=\"lazy\" decoding=\"async\" style=\"margin: 0px 0px 10px 10px;\" src=\"https:\/\/www.nucleoo.com\/app\/uploads\/2025\/07\/Sello-AENOR_information_security_ISO27001_ING_POS.png\" alt=\"\" width=\"250\" height=\"211\" \/><img loading=\"lazy\" decoding=\"async\" style=\"margin: 0px 0px 10px 10px;\" src=\"https:\/\/www.nucleoo.com\/app\/uploads\/2025\/07\/Sello-AENOR_quality_management_ISO9001_ING.png\" alt=\"\" width=\"250\" height=\"211\" \/><\/p>\n<p style=\"text-align: center; margin-bottom: 20px;\"><a style=\"margin: 0px 0px 10px 10px;\" href=\"https:\/\/www.nucleoo.com\/app\/uploads\/2025\/07\/CertificadoSI-0100-2019_ES_2023-01-09.pdf\" target=\"_blank\" rel=\"noopener noreferrer\"><img loading=\"lazy\" decoding=\"async\" class=\"wp-image-13747 size-medium\" style=\"border: 2px solid #ebebeb;\" src=\"https:\/\/www.nucleoo.com\/app\/uploads\/2025\/07\/certificado-214x300-1.jpg\" alt=\"\" width=\"214\" height=\"300\" \/><\/a><a style=\"margin: 0px 0px 10px 10px;\" href=\"https:\/\/www.nucleoo.com\/app\/uploads\/2025\/07\/IQNetES-SI-0100-2019_2023-01-09.pdf\" target=\"_blank\" rel=\"noopener noreferrer\"><img loading=\"lazy\" decoding=\"async\" class=\" size-medium\" src=\"https:\/\/www.nucleoo.com\/app\/uploads\/2025\/07\/ionet-214x300-1.jpg\" alt=\"\" width=\"214\" height=\"300\" \/><\/a><a style=\"margin: 0px 0px 10px 10px;\" href=\"https:\/\/www.nucleoo.com\/app\/uploads\/2025\/07\/CertificadoER-0438-2023_ES_2023-10-18.pdf\" target=\"_blank\" rel=\"noopener noreferrer\"><img loading=\"lazy\" decoding=\"async\" class=\"wp-image-13747 size-medium\" style=\"border: 2px solid #ebebeb;\" src=\"https:\/\/www.nucleoo.com\/app\/uploads\/2025\/07\/certificado-214x300-2.jpg\" alt=\"\" width=\"214\" height=\"300\" \/><\/a><a style=\"margin: 0px 0px 10px 10px;\" href=\"https:\/\/www.nucleoo.com\/app\/uploads\/2025\/07\/IQNetES-0438-2023_2023-10-18.pdf\" target=\"_blank\" rel=\"noopener noreferrer\"><img loading=\"lazy\" decoding=\"async\" class=\" size-medium\" style=\"border: 2px solid #ebebeb;\" src=\"https:\/\/www.nucleoo.com\/app\/uploads\/2025\/07\/ionet-214x300-2.jpg\" alt=\"\" width=\"214\" height=\"300\" \/><br \/>\n<\/a><\/p>\n","protected":false},"excerpt":{"rendered":"<p>GESTI\u00d3N DE LA SEGURIDAD Y LA CALIDAD Sistema de Gesti\u00f3n de Seguridad de la Informaci\u00f3n Certificaci\u00f3n ISO 27001 Sistema de Gesti\u00f3n de la Calidad Certificaci\u00f3n ISO 9001 Los Sistemas de Gesti\u00f3n de Seguridad de la Informaci\u00f3n y de la Calidad de Nucleoo est\u00e1n certificados conforme al cumplimiento de los requisitos de las normas ISO\/IEC 27001 &hellip; <a href=\"https:\/\/www.nucleoo.com\/es\/legal\/security-quality-management\/\">Continued<\/a><\/p>\n","protected":false},"author":1,"featured_media":0,"parent":2417,"menu_order":14,"comment_status":"closed","ping_status":"closed","template":"","meta":{"_acf_changed":false,"footnotes":""},"class_list":["post-2425","page","type-page","status-publish","hentry"],"acf":[],"_links":{"self":[{"href":"https:\/\/www.nucleoo.com\/es\/wp-json\/wp\/v2\/pages\/2425","targetHints":{"allow":["GET"]}}],"collection":[{"href":"https:\/\/www.nucleoo.com\/es\/wp-json\/wp\/v2\/pages"}],"about":[{"href":"https:\/\/www.nucleoo.com\/es\/wp-json\/wp\/v2\/types\/page"}],"author":[{"embeddable":true,"href":"https:\/\/www.nucleoo.com\/es\/wp-json\/wp\/v2\/users\/1"}],"replies":[{"embeddable":true,"href":"https:\/\/www.nucleoo.com\/es\/wp-json\/wp\/v2\/comments?post=2425"}],"version-history":[{"count":3,"href":"https:\/\/www.nucleoo.com\/es\/wp-json\/wp\/v2\/pages\/2425\/revisions"}],"predecessor-version":[{"id":2925,"href":"https:\/\/www.nucleoo.com\/es\/wp-json\/wp\/v2\/pages\/2425\/revisions\/2925"}],"up":[{"embeddable":true,"href":"https:\/\/www.nucleoo.com\/es\/wp-json\/wp\/v2\/pages\/2417"}],"wp:attachment":[{"href":"https:\/\/www.nucleoo.com\/es\/wp-json\/wp\/v2\/media?parent=2425"}],"curies":[{"name":"wp","href":"https:\/\/api.w.org\/{rel}","templated":true}]}}