{"id":2423,"date":"2025-07-09T16:20:21","date_gmt":"2025-07-09T14:20:21","guid":{"rendered":"https:\/\/www.nucleoo.com\/?page_id=2423"},"modified":"2025-09-18T11:52:32","modified_gmt":"2025-09-18T09:52:32","slug":"legal-notice","status":"publish","type":"page","link":"https:\/\/www.nucleoo.com\/es\/legal\/legal-notice\/","title":{"rendered":"Aviso legal"},"content":{"rendered":"<p>Le agradecemos su visita. Queremos que su experiencia en el sitio sea lo mejor posible.<\/p>\n<p>Para acceder a nuestros servicios, usted declara que tiene la capacidad legal para actuar conforme a su legislaci\u00f3n nacional. El acceso y la navegaci\u00f3n en el sitio web o el uso de los servicios del mismo implican la aceptaci\u00f3n expresa y completa de estas y cada una de estas Condiciones Generales, incluyendo tanto las Condiciones Particulares fijadas para determinadas promociones como la Pol\u00edtica de Privacidad y de Cookies, relativas a las finalidades de los tratamientos de los datos que nos facilite. Por favor, l\u00e9alas atentamente.<\/p>\n<h2>1.- Informaci\u00f3n Legal<\/h2>\n<p>En cumplimiento de la Ley 34\/2002, de 11 de julio, de Servicios de la Sociedad de la Informaci\u00f3n y de Comercio Electr\u00f3nico, los datos identificativos del titular del Sitio Web son:<\/p>\n<p>Nucleoo Consulting Spain SLU<\/p>\n<p>Calle Gran V\u00eda de Col\u00f3n, 21, 3A<\/p>\n<p>18001 Granada (Espa\u00f1a)<\/p>\n<p>B86913365<\/p>\n<p>Datos inscritos en el Registro Mercantil de Granada, en los Tomo 31943, Expediente n.\u00ba 211, Inscripci\u00f3n 1.\u00aa, Hoja M-574882.<\/p>\n<p>Para cualquier pregunta o consulta, puede ponerse en contacto con nosotros a trav\u00e9s de:<\/p>\n<p>Tel\u00e9fono: +34 958 198 003<\/p>\n<p>Direcci\u00f3n de correo electr\u00f3nico: info@nucleoo.com<\/p>\n<p>El acceso del Usuario implica la aceptaci\u00f3n expresa de las presentes Condiciones Generales de Uso, que podr\u00e1n ser modificadas o sustituidas por su titular en cualquier momento y sin previo aviso.<\/p>\n<h2>2.- Condiciones Generales de Uso<\/h2>\n<p>Las siguientes Condiciones Generales regulan el uso y el acceso al Sitio Web cuyo prop\u00f3sito es ser la puerta de entrada a Nucleoo ofreciendo informaci\u00f3n, servicios y contenidos a trav\u00e9s del Sitio Web. A trav\u00e9s del Sitio Web, el Usuario tiene acceso a informaci\u00f3n sobre productos y servicios espec\u00edficos, herramientas y aplicaciones.<\/p>\n<p>El Usuario se compromete a hacer un uso adecuado de los contenidos, servicios, aplicaciones y herramientas que son accesibles, conforme a la Ley y a estas Condiciones Generales de Uso y a las Condiciones Particulares que puedan establecerse para el acceso a determinados servicios y aplicaciones, respetando en todo momento a los dem\u00e1s Usuarios del mismo.<\/p>\n<p>En caso de incumplimiento total o parcial por parte del Usuario, Nucleoo se reserva el derecho a denegarle el acceso sin previo aviso.<\/p>\n<h2>3.- Obligaciones Generales del Usuario<\/h2>\n<p>El Usuario se obliga expresamente a:<\/p>\n<ul>\n<li>No realizar ninguna acci\u00f3n destinada a da\u00f1ar, bloquear, deteriorar, inutilizar, sobrecargar temporal o permanentemente las funcionalidades, herramientas, contenidos y\/o infraestructuras del sitio web, de forma que impida su normal uso.<\/li>\n<li>Guardar y mantener la confidencialidad de las claves de acceso asociadas a su nombre de Usuario, siendo responsable del uso de dichas claves personales e intransferibles por terceros.<\/li>\n<li>No introducir ni difundir contenidos injuriosos o calumniosos, tanto de otros Usuarios como de terceros.<\/li>\n<li>No utilizar ninguno de los materiales e informaciones contenidos en este Sitio Web con fines il\u00edcitos y expresamente prohibidos en estas Condiciones Generales de Uso, as\u00ed como en las condiciones particulares que se establezcan para determinadas aplicaciones y\/o utilidades, y que sean contrarios a los derechos e intereses de Nucleoo, de sus usuarios y\/o de terceros.<\/li>\n<li>No ofrecer ni distribuir productos y servicios, ni realizar publicidad o comunicaciones comerciales no solicitadas a otros Usuarios y visitantes de Nucleoo.<\/li>\n<\/ul>\n<p>El Usuario ser\u00e1 responsable de todos los da\u00f1os y perjuicios de cualquier naturaleza que Nucleoo o cualquier tercero pueda sufrir como consecuencia del incumplimiento de cualquiera de las obligaciones a las que queda sometido por estas \u201cCondiciones Generales de Uso\u201d o la Ley en relaci\u00f3n con el acceso y\/o uso del Sitio Web.<\/p>\n<h2>4.- Propiedad Intelectual e Industrial<\/h2>\n<p>El sitio web, las p\u00e1ginas que lo componen y la informaci\u00f3n o elementos contenidos en ellas (incluyendo textos, documentos, fotograf\u00edas, dibujos, representaciones gr\u00e1ficas, entre otros), as\u00ed como logotipos, marcas, nombres comerciales u otros signos distintivos est\u00e1n protegidos por derechos de propiedad intelectual o industrial, de los que Nucleoo es titular o dispone de autorizaci\u00f3n para su uso y comunicaci\u00f3n p\u00fablica de los leg\u00edtimos propietarios de los mismos.<\/p>\n<p>El Usuario se compromete a utilizar los contenidos de manera diligente y correcta, conforme a la ley, la moral y el orden p\u00fablico. Nucleoo autoriza al Usuario a visualizar la informaci\u00f3n contenida en este Sitio Web, as\u00ed como a realizar reproducciones privadas (simple actividad de descarga y almacenamiento en sus sistemas inform\u00e1ticos), siempre que los elementos se destinen \u00fanicamente a uso personal. En ning\u00fan caso esto supondr\u00e1 una autorizaci\u00f3n o licencia sobre los derechos de propiedad de Nucleoo o de los leg\u00edtimos titulares de los mismos.<\/p>\n<p>El Usuario no est\u00e1 autorizado a proceder a la distribuci\u00f3n, modificaci\u00f3n, cesi\u00f3n o comunicaci\u00f3n p\u00fablica de la informaci\u00f3n contenida en este Sitio Web en ninguna forma y para ning\u00fan fin.<\/p>\n<h2>5.- Enlaces<\/h2>\n<p>Los enlaces a sitios o p\u00e1ginas web de terceros se han establecido \u00fanicamente como una utilidad para el Usuario. Nucleoo no es responsable en ning\u00fan caso de los mismos ni de sus contenidos.<\/p>\n<p>Nucleoo no asume ninguna responsabilidad derivada de la existencia de enlaces entre los contenidos de este Sitio y contenidos situados fuera del mismo, o de cualquier otra menci\u00f3n de contenidos externos a este Sitio. Dichos enlaces o menciones tienen un prop\u00f3sito meramente informativo y no implican apoyo, aprobaci\u00f3n, comercializaci\u00f3n o relaci\u00f3n alguna entre Nucleoo y las personas o entidades autoras y\/o gestoras de dichos contenidos o titulares de los sitios en los que se encuentren.<\/p>\n<p>Es necesario contar con la autorizaci\u00f3n expresa y por escrito de los titulares del portal para establecer enlaces con el Sitio Web.<\/p>\n<h2>6.- Responsabilidad<\/h2>\n<p>Nucleoo no garantiza el acceso continuado ni la correcta visualizaci\u00f3n, descarga o utilidad de los elementos e informaciones contenidas en el Sitio Web, que pueden verse impedidos, dificultados o interrumpidos por factores o circunstancias fuera de su control, as\u00ed como por la existencia de virus inform\u00e1ticos en Internet.<\/p>\n<p>Nucleoo no asume ninguna responsabilidad por da\u00f1os, p\u00e9rdidas, reclamaciones o gastos producidos por:<\/p>\n<p>(i) Interferencias, interrupciones, fallos, omisiones, retrasos, bloqueos o desconexiones causados por errores en las l\u00edneas y redes de telecomunicaciones o por cualquier otra causa ajena al control de Nucleoo;<\/p>\n<p>(ii) Intrusiones ileg\u00edtimas mediante el uso de programas maliciosos y por cualquier medio de comunicaci\u00f3n, como virus inform\u00e1ticos u otros;<\/p>\n<p>(iii) Uso indebido o inadecuado del Sitio Web;<\/p>\n<p>(iv) Errores de seguridad o de navegaci\u00f3n causados por un mal funcionamiento del navegador o por el uso de versiones no actualizadas del mismo.<\/p>\n<p>Nucleoo no se hace responsable ni en ning\u00fan caso responder\u00e1 frente a los usuarios y terceros por actos de terceros ajenos a Nucleoo que supongan o puedan dar lugar a competencia desleal y publicidad il\u00edcita o infracci\u00f3n de derechos de propiedad intelectual e industrial, secretos empresariales, compromisos contractuales de cualquier clase, derechos al honor, a la intimidad personal y familiar y a la propia imagen, derechos de propiedad y de cualquier otra naturaleza pertenecientes a un tercero, como consecuencia de la transmisi\u00f3n, difusi\u00f3n, almacenamiento, puesta a disposici\u00f3n, recepci\u00f3n, obtenci\u00f3n o acceso a los contenidos.<\/p>\n<h2>7.- Pol\u00edtica de Protecci\u00f3n de Datos Personales<\/h2>\n<p>Toda la pol\u00edtica sobre el tratamiento de datos personales se encuentra en la Pol\u00edtica de Privacidad. Forma parte de estas Condiciones Generales, pero la hemos incluido en un documento separado: Pol\u00edtica de Privacidad.<\/p>\n<h2>8.- Nota especial para menores de 14 a\u00f1os<\/h2>\n<p>No recopilamos datos personales de menores de 14 a\u00f1os. Si eres menor de 14 a\u00f1os, no debes navegar por Internet ni transmitir datos personales. Si no tienes claro alg\u00fan aspecto de esta secci\u00f3n, pide ayuda a tus padres o tutores.<\/p>\n<h2>9.- Legislaci\u00f3n<\/h2>\n<p>Este Aviso Legal y sus t\u00e9rminos y condiciones se regir\u00e1n e interpretar\u00e1n de conformidad con la Legislaci\u00f3n Espa\u00f1ola. El Usuario consiente que los Juzgados y Tribunales competentes para resolver cualquier acci\u00f3n legal derivada o relacionada con estas Condiciones o con el Sitio Web, por defecto, ser\u00e1n los Juzgados de Madrid. Se entiende que este consentimiento se otorga por el acceso al Sitio Web o por la obtenci\u00f3n de la condici\u00f3n de usuario registrado.<\/p>\n<p>Si alguna cl\u00e1usula o apartado de estas Condiciones Generales, que no sea esencial para la existencia de las mismas, es declarado nulo o inaplicable, la validez de las cl\u00e1usulas restantes no se ver\u00e1 afectada.<\/p>\n","protected":false},"excerpt":{"rendered":"<p>Le agradecemos su visita. Queremos que su experiencia en el sitio sea lo mejor posible. Para acceder a nuestros servicios, usted declara que tiene la capacidad legal para actuar conforme a su legislaci\u00f3n nacional. El acceso y la navegaci\u00f3n en el sitio web o el uso de los servicios del mismo implican la aceptaci\u00f3n expresa &hellip; <a href=\"https:\/\/www.nucleoo.com\/es\/legal\/legal-notice\/\">Continued<\/a><\/p>\n","protected":false},"author":1,"featured_media":0,"parent":2417,"menu_order":13,"comment_status":"closed","ping_status":"closed","template":"","meta":{"_acf_changed":false,"footnotes":""},"class_list":["post-2423","page","type-page","status-publish","hentry"],"acf":[],"_links":{"self":[{"href":"https:\/\/www.nucleoo.com\/es\/wp-json\/wp\/v2\/pages\/2423","targetHints":{"allow":["GET"]}}],"collection":[{"href":"https:\/\/www.nucleoo.com\/es\/wp-json\/wp\/v2\/pages"}],"about":[{"href":"https:\/\/www.nucleoo.com\/es\/wp-json\/wp\/v2\/types\/page"}],"author":[{"embeddable":true,"href":"https:\/\/www.nucleoo.com\/es\/wp-json\/wp\/v2\/users\/1"}],"replies":[{"embeddable":true,"href":"https:\/\/www.nucleoo.com\/es\/wp-json\/wp\/v2\/comments?post=2423"}],"version-history":[{"count":5,"href":"https:\/\/www.nucleoo.com\/es\/wp-json\/wp\/v2\/pages\/2423\/revisions"}],"predecessor-version":[{"id":2920,"href":"https:\/\/www.nucleoo.com\/es\/wp-json\/wp\/v2\/pages\/2423\/revisions\/2920"}],"up":[{"embeddable":true,"href":"https:\/\/www.nucleoo.com\/es\/wp-json\/wp\/v2\/pages\/2417"}],"wp:attachment":[{"href":"https:\/\/www.nucleoo.com\/es\/wp-json\/wp\/v2\/media?parent=2423"}],"curies":[{"name":"wp","href":"https:\/\/api.w.org\/{rel}","templated":true}]}}