{"id":2417,"date":"2025-07-09T16:14:15","date_gmt":"2025-07-09T14:14:15","guid":{"rendered":"https:\/\/www.nucleoo.com\/?page_id=2417"},"modified":"2025-10-07T15:16:43","modified_gmt":"2025-10-07T13:16:43","slug":"legal","status":"publish","type":"page","link":"https:\/\/www.nucleoo.com\/es\/legal\/","title":{"rendered":"Legal"},"content":{"rendered":"<h2>Encuentra nuestros documentos legales aqu\u00ed:<\/h2>\n<ul>\n<li><a href=\"https:\/\/www.nucleoo.com\/es\/legal\/privacy-policy\/\">Pol\u00edtica de privacidad <\/a><\/li>\n<li><a href=\"https:\/\/www.nucleoo.com\/es\/legal\/cookies-policy\/\">Pol\u00edtica de cookies<\/a><\/li>\n<li><a href=\"https:\/\/www.nucleoo.com\/es\/legal\/legal-notice\/\">Aviso legal<\/a><\/li>\n<li><a href=\"https:\/\/www.nucleoo.com\/es\/legal\/security-quality-management\/\">Seguridad &amp; Calidad<\/a><\/li>\n<li><a href=\"https:\/\/www.nucleoo.com\/es\/legal\/information-security\/\">Seguridad de la informaci\u00f3n<\/a><\/li>\n<\/ul>\n","protected":false},"excerpt":{"rendered":"<p>Encuentra nuestros documentos legales aqu\u00ed: Pol\u00edtica de privacidad Pol\u00edtica de cookies Aviso legal Seguridad &amp; Calidad Seguridad de la informaci\u00f3n<\/p>\n","protected":false},"author":1,"featured_media":0,"parent":0,"menu_order":10,"comment_status":"closed","ping_status":"closed","template":"","meta":{"_acf_changed":false,"footnotes":""},"class_list":["post-2417","page","type-page","status-publish","hentry"],"acf":[],"_links":{"self":[{"href":"https:\/\/www.nucleoo.com\/es\/wp-json\/wp\/v2\/pages\/2417","targetHints":{"allow":["GET"]}}],"collection":[{"href":"https:\/\/www.nucleoo.com\/es\/wp-json\/wp\/v2\/pages"}],"about":[{"href":"https:\/\/www.nucleoo.com\/es\/wp-json\/wp\/v2\/types\/page"}],"author":[{"embeddable":true,"href":"https:\/\/www.nucleoo.com\/es\/wp-json\/wp\/v2\/users\/1"}],"replies":[{"embeddable":true,"href":"https:\/\/www.nucleoo.com\/es\/wp-json\/wp\/v2\/comments?post=2417"}],"version-history":[{"count":6,"href":"https:\/\/www.nucleoo.com\/es\/wp-json\/wp\/v2\/pages\/2417\/revisions"}],"predecessor-version":[{"id":3091,"href":"https:\/\/www.nucleoo.com\/es\/wp-json\/wp\/v2\/pages\/2417\/revisions\/3091"}],"wp:attachment":[{"href":"https:\/\/www.nucleoo.com\/es\/wp-json\/wp\/v2\/media?parent=2417"}],"curies":[{"name":"wp","href":"https:\/\/api.w.org\/{rel}","templated":true}]}}