{"id":2415,"date":"2025-07-09T16:15:12","date_gmt":"2025-07-09T14:15:12","guid":{"rendered":"https:\/\/www.nucleoo.com\/?page_id=2415"},"modified":"2025-09-18T11:53:04","modified_gmt":"2025-09-18T09:53:04","slug":"privacy-policy","status":"publish","type":"page","link":"https:\/\/www.nucleoo.com\/es\/legal\/privacy-policy\/","title":{"rendered":"Pol\u00edtica de privacidad"},"content":{"rendered":"<p>La Pol\u00edtica de privacidad forma parte de las Condiciones generales que rigen este sitio web.<\/p>\n<p>Versi\u00f3n 2, 27 de septiembre de 2023<\/p>\n<p>\u00bfQui\u00e9n es responsable del tratamiento de sus datos?<\/p>\n<p>Nucleoo Consulting Spain SLU (d.b.a. \u2018nucleoo\u2019)<\/p>\n<p>N.\u00ba de identificaci\u00f3n fiscal: B86913365<\/p>\n<p>Direcci\u00f3n: Calle Gran V\u00eda de Col\u00f3n, 21, 3A, 18001, Granada (Espa\u00f1a).<\/p>\n<p>Tel.: +34 958 198 003<\/p>\n<p>Email: <a href=\"mailto:info@nucleoo.com\">info@nucleoo.com<\/a><\/p>\n<p>Puede ponerse en contacto con nosotros por cualquier medio para comunicarse con nosotros. Nos reservamos el derecho a modificar o adaptar esta Pol\u00edtica de privacidad en cualquier momento. Le recomendamos que la revise y, si se ha registrado y accede a su cuenta o perfil, se le informar\u00e1 de cualquier cambio.<\/p>\n<h2>GESTI\u00d3N DE DATOS PERSONALES EN PROCESOS DE RECLUTAMIENTO<\/h2>\n<p><b>\u00bfCon qu\u00e9 finalidad tratamos sus datos personales?<\/b><\/p>\n<p>En Nucleoo Consulting Spain SLU, trataremos sus datos para las siguientes finalidades:<\/p>\n<ul>\n<li>Evaluar y gestionar su perfil como candidato en relaci\u00f3n con los procesos de selecci\u00f3n que estamos llevando a cabo o que podamos realizar en el futuro y que se ajusten a su perfil profesional.<\/li>\n<li>Realizar las acciones necesarias para la gesti\u00f3n de los procesos de selecci\u00f3n de Nucleoo Consulting Spain SLU mediante comunicaciones electr\u00f3nicas, contactos telef\u00f3nicos, entrevistas y pruebas de selecci\u00f3n.<\/li>\n<\/ul>\n<p><b>\u00bfCu\u00e1l es la base legal para el tratamiento de sus datos?<\/b><\/p>\n<p>La base legal para el tratamiento de sus datos personales es la aplicaci\u00f3n de medidas precontractuales a petici\u00f3n del interesado, ya sea al postularse a una de nuestras ofertas de empleo o al enviarnos voluntariamente su candidatura espont\u00e1nea.<\/p>\n<p><b>\u00bfDurante cu\u00e1nto tiempo conservaremos los datos personales?<\/b><\/p>\n<p>De acuerdo con la pol\u00edtica de conservaci\u00f3n de datos de Nucleoo Consulting Spain SLU, los datos personales se conservar\u00e1n por un per\u00edodo m\u00e1ximo de un a\u00f1o desde la recepci\u00f3n del Curr\u00edculum Vitae o desde la finalizaci\u00f3n de los procesos de selecci\u00f3n.<\/p>\n<p><b>\u00bfA qui\u00e9n se comunicar\u00e1n sus datos?<\/b><\/p>\n<p>Sus datos solo podr\u00e1n ser comunicados a terceros en los casos en que la ley lo exija o cuando Nucleoo Consulting Spain SLU obtenga su consentimiento.<\/p>\n<p><b>\u00bfCu\u00e1les son sus derechos en relaci\u00f3n con el tratamiento de los datos personales?<\/b><\/p>\n<p>En cualquier momento, podr\u00e1 ejercer sus derechos de acceso, rectificaci\u00f3n, supresi\u00f3n, oposici\u00f3n, limitaci\u00f3n o portabilidad de los datos. Si tiene alguna pregunta sobre c\u00f3mo tratamos sus datos personales, puede ponerse en contacto con nosotros en la direcci\u00f3n indicada en la secci\u00f3n \u00ab\u00bfQui\u00e9n es responsable del tratamiento de sus datos personales?\u00bb.<\/p>\n<h2>CONTACTOS WEB O POR CORREO ELECTR\u00d3NICO<\/h2>\n<p><b>\u00bfQu\u00e9 datos recopilamos a trav\u00e9s de la Web?<\/b><\/p>\n<p>Podemos tratar su direcci\u00f3n IP, el sistema operativo o navegador que utiliza e incluso la duraci\u00f3n de su visita, de forma an\u00f3nima.<\/p>\n<p>Si nos facilita informaci\u00f3n en el formulario de contacto, se identificar\u00e1 para que podamos comunicarnos con usted si es necesario.<\/p>\n<p><b>\u00bfCon qu\u00e9 fines trataremos sus datos personales?<\/b><\/p>\n<ul>\n<li>Responder a sus preguntas, solicitudes o peticiones.<\/li>\n<li>Gestionar el servicio solicitado, responder a su solicitud o tramitar su petici\u00f3n.<\/li>\n<li>Proporcionar informaci\u00f3n por medios electr\u00f3nicos relacionada con su solicitud.<\/li>\n<li>Informaci\u00f3n comercial o de eventos por medios electr\u00f3nicos, siempre que exista autorizaci\u00f3n expresa.<\/li>\n<li>Realizar an\u00e1lisis y mejoras en la Web, sobre nuestros productos y servicios, y mejorar nuestra estrategia comercial.<\/li>\n<\/ul>\n<p><b>\u00bfCu\u00e1l es la base legal para el tratamiento de sus datos?<\/b><\/p>\n<p>La aceptaci\u00f3n y el consentimiento del interesado: en los casos en que sea necesario rellenar un formulario y hacer clic en el bot\u00f3n \u201cenviar\u201d para realizar una solicitud, completar el formulario y enviarlo implicar\u00e1 necesariamente que ha sido informado y ha otorgado expresamente su consentimiento al contenido de la cl\u00e1usula anexa a dicho formulario o a la aceptaci\u00f3n de la pol\u00edtica de privacidad. Todos nuestros formularios muestran el s\u00edmbolo * cuando los datos son obligatorios. Si no completa estos campos o no marca la casilla de aceptaci\u00f3n de la pol\u00edtica de privacidad, no se permitir\u00e1 el env\u00edo de la informaci\u00f3n. La f\u00f3rmula que suele mostrarse es: \u201cHe le\u00eddo y acepto la Pol\u00edtica de privacidad de Nucleoo\u201d.<\/p>\n<p><b>\u00bfDurante cu\u00e1nto tiempo conservaremos los datos personales?<\/b><\/p>\n<p>Hasta la revocaci\u00f3n del consentimiento otorgado.<\/p>\n<h2>CONTACTOS DE NEWSLETTER<\/h2>\n<p><b>\u00bfQu\u00e9 datos recopilamos a trav\u00e9s de la newsletter?<\/b><\/p>\n<p>Puede suscribirse a la Newsletter en la Web si nos facilita una direcci\u00f3n de correo electr\u00f3nico, a la que se enviar\u00e1 la Newsletter.<\/p>\n<p>Solo almacenaremos su correo electr\u00f3nico en nuestra base de datos y posteriormente le enviaremos correos electr\u00f3nicos de forma peri\u00f3dica hasta que solicite la cancelaci\u00f3n o dejemos de enviarlos.<\/p>\n<p>Siempre tendr\u00e1 la opci\u00f3n de cancelar su suscripci\u00f3n en cualquier comunicaci\u00f3n.<\/p>\n<p><b>\u00bfCon qu\u00e9 fines tratamos sus datos personales?<\/b><\/p>\n<ul>\n<li>Gestionar el servicio solicitado.<\/li>\n<li>Proporcionar informaci\u00f3n por medios electr\u00f3nicos relacionada con su solicitud.<\/li>\n<li>Informaci\u00f3n comercial o de eventos por medios electr\u00f3nicos, siempre que exista autorizaci\u00f3n expresa.<\/li>\n<li>Realizar an\u00e1lisis y mejoras en los env\u00edos, para mejorar nuestra estrategia comercial.<\/li>\n<\/ul>\n<p><b>\u00bfCu\u00e1l es la base legal para el tratamiento de sus datos?<\/b><\/p>\n<p>La aceptaci\u00f3n y el consentimiento del interesado: en los casos en que se suscriba, deber\u00e1 aceptar marcando una casilla y, posteriormente, hacer clic en el bot\u00f3n \u201cenviar\u201d. Esto implicar\u00e1 necesariamente que ha sido informado y ha otorgado expresamente su consentimiento para recibir la newsletter.<\/p>\n<p>Si no marca la casilla de aceptaci\u00f3n de la pol\u00edtica de privacidad, no se permitir\u00e1 el env\u00edo de la informaci\u00f3n. La f\u00f3rmula que suele mostrarse es: \u201cHe le\u00eddo y acepto la Pol\u00edtica de privacidad de Nucleoo\u201d.<\/p>\n<p><b>\u00bfDurante cu\u00e1nto tiempo conservaremos los datos personales?<\/b><\/p>\n<p>Hasta la revocaci\u00f3n del consentimiento otorgado.<\/p>\n<h2>CLIENTES<\/h2>\n<p><b>\u00bfCon qu\u00e9 fines trataremos sus datos personales?<\/b><\/p>\n<ul>\n<li>Elaboraci\u00f3n del presupuesto y seguimiento del mismo mediante comunicaciones entre ambas partes.<\/li>\n<li>Informaci\u00f3n por medios electr\u00f3nicos relacionada con su solicitud.<\/li>\n<li>Informaci\u00f3n comercial o de eventos por medios electr\u00f3nicos, siempre que exista autorizaci\u00f3n expresa.<\/li>\n<li>Gestionar los servicios administrativos, de comunicaciones y log\u00edsticos realizados por el Responsable.<\/li>\n<li>Facturaci\u00f3n y declaraci\u00f3n de los impuestos correspondientes.<\/li>\n<li>Realizar las transacciones correspondientes.<\/li>\n<li>Control y gesti\u00f3n de recobros.<\/li>\n<\/ul>\n<p><b>\u00bfCu\u00e1l es la legitimaci\u00f3n para el tratamiento de sus datos?<\/b><\/p>\n<p>La existencia de una relaci\u00f3n contractual entre las partes. El tratamiento es necesario para la ejecuci\u00f3n de un contrato en el que el interesado es parte o para la aplicaci\u00f3n, a petici\u00f3n de este, de medidas precontractuales.<\/p>\n<p><b>\u00bfDurante cu\u00e1nto tiempo conservaremos los datos personales?<\/b><\/p>\n<p>Durante la vigencia de la relaci\u00f3n entre las partes y durante los plazos de prescripci\u00f3n derivados de la misma.<\/p>\n<h2>ENCUESTAS DE CALIDAD<\/h2>\n<p><b>\u00bfCon qu\u00e9 fines trataremos sus datos personales?<\/b><\/p>\n<ul>\n<li>Evaluar el grado de calidad en el servicio prestado.<\/li>\n<li>Mejorar los servicios ofrecidos, en cumplimiento de la norma ISO.<\/li>\n<\/ul>\n<p><b>\u00bfCu\u00e1l es la base legal para el tratamiento de sus datos?<\/b><\/p>\n<p>La base legal es el consentimiento expreso del encuestado.<\/p>\n<p><b>\u00bfDurante cu\u00e1nto tiempo conservaremos los datos personales?<\/b><\/p>\n<p>Hasta la revocaci\u00f3n del consentimiento otorgado.<\/p>\n<h2>PROVEEDORES<\/h2>\n<p><b>\u00bfCon qu\u00e9 fines trataremos sus datos personales?<\/b><\/p>\n<ul>\n<li>Informaci\u00f3n por medios electr\u00f3nicos relacionada con su solicitud.<\/li>\n<li>Informaci\u00f3n comercial o de eventos por medios electr\u00f3nicos, siempre que exista autorizaci\u00f3n expresa.<\/li>\n<li>Gestionar los servicios administrativos, de comunicaciones y log\u00edsticos realizados por el responsable.<\/li>\n<li>Facturaci\u00f3n.<\/li>\n<li>Realizar las transacciones que correspondan.<\/li>\n<li>Facturaci\u00f3n y declaraci\u00f3n de los impuestos correspondientes.<\/li>\n<li>Control y gesti\u00f3n de recobros.<\/li>\n<\/ul>\n<p><b>\u00bfCu\u00e1l es la base legal para el tratamiento de sus datos?<\/b><\/p>\n<p>La base legal es la aceptaci\u00f3n de una relaci\u00f3n contractual o, en su defecto, su consentimiento cuando se ponga en contacto con nosotros u ofrezca sus productos por cualquier medio.<\/p>\n<p><b>\u00bfDurante cu\u00e1nto tiempo conservaremos los datos personales?<\/b><\/p>\n<p>Durante la vigencia de la relaci\u00f3n entre las partes y durante los plazos de prescripci\u00f3n derivados de la misma.<\/p>\n<h2>CONTACTOS EN REDES SOCIALES<\/h2>\n<p><b>\u00bfCon qu\u00e9 fines trataremos sus datos personales?<\/b><\/p>\n<ul>\n<li>Responder a sus preguntas, solicitudes o peticiones.<\/li>\n<li>Gestionar el servicio solicitado, responder a su solicitud o tramitar su petici\u00f3n.<\/li>\n<li>Conectar con usted y crear una comunidad de seguidores.<\/li>\n<\/ul>\n<p><b>\u00bfCu\u00e1l es la base legal para el tratamiento de sus datos?<\/b><\/p>\n<p>La aceptaci\u00f3n de una relaci\u00f3n contractual en el entorno de la red social en cuesti\u00f3n y de acuerdo con sus pol\u00edticas de privacidad.<\/p>\n<p>Facebook <a href=\"http:\/\/www.facebook.com\/policy.php?ref=pf\" target=\"_blank\" rel=\"noopener\">http:\/\/www.facebook.com\/policy.php?ref=pf<\/a><\/p>\n<p>Instagram <a href=\"https:\/\/help.instagram.com\/155833707900388\" target=\"_blank\" rel=\"noopener\">https:\/\/help.instagram.com\/155833707900388<\/a><\/p>\n<p>Twitter <a href=\"http:\/\/twitter.com\/privacy\" target=\"_blank\" rel=\"noopener\">http:\/\/twitter.com\/privacy<\/a><\/p>\n<p>Linkedin <a href=\"http:\/\/www.linkedin.com\/legal\/privacy-policy?trk=hb_ft_priv\" target=\"_blank\" rel=\"noopener\">http:\/\/www.linkedin.com\/legal\/privacy-policy?trk=hb_ft_priv<\/a><\/p>\n<p>Pinterest <a href=\"https:\/\/about.pinterest.com\/es\/privacy-policy\" target=\"_blank\" rel=\"noopener\">https:\/\/about.pinterest.com\/es\/privacy-policy<\/a><\/p>\n<p>Google* <a href=\"http:\/\/www.google.com\/intl\/es\/policies\/privacy\/\" target=\"_blank\" rel=\"noopener\">http:\/\/www.google.com\/intl\/es\/policies\/privacy\/<\/a><\/p>\n<p>*(Google+ y Youtube)<br \/>\n<b>\u00bfDurante cu\u00e1nto tiempo conservaremos los datos personales?<\/b><\/p>\n<p>&nbsp;<\/p>\n<p>Solo podremos consultar o dar de baja sus datos de forma restringida al disponer de un perfil espec\u00edfico. Los trataremos mientras nos siga, sea amigo o pulse \u201cme gusta\u201d, \u201cseguir\u201d o botones similares.<\/p>\n<p>Cualquier rectificaci\u00f3n de sus datos o restricci\u00f3n de informaci\u00f3n o publicaciones deber\u00e1 realizarse a trav\u00e9s de la configuraci\u00f3n de su perfil o usuario en la propia red social.<\/p>\n<h2 id=\"demandantes_de_empleo\">DEMANDANTES DE EMPLEO<\/h2>\n<p><b>\u00bfQu\u00e9 datos personales utilizamos y con qu\u00e9 finalidad los tratamos?<\/b><\/p>\n<ul>\n<li>Todos los datos personales facilitados por el candidato se incluyen en los ficheros titularidad de Nucleoo Consulting Spain SLU (d.b.a. \u2018nucleoo\u2019) con la finalidad de organizar los procesos de selecci\u00f3n de personal, darle una cita para entrevistas de trabajo y\/o evaluarle como candidato en los diferentes procesos de selecci\u00f3n en los que se haya inscrito o en los que la empresa considere que su perfil encaja.<\/li>\n<li>Si marca la casilla de aceptaci\u00f3n de la pol\u00edtica de privacidad, nos da su consentimiento para transmitir su candidatura a las entidades que forman parte del grupo de empresas, con el fin de que sea incluido en sus procesos de selecci\u00f3n de personal. Si no marca la casilla de aceptaci\u00f3n de la pol\u00edtica de privacidad, la informaci\u00f3n no ser\u00e1 enviada.<\/li>\n<\/ul>\n<p>Los datos proporcionados se conservar\u00e1n hasta la adjudicaci\u00f3n de un puesto, como m\u00e1ximo 1 a\u00f1o o hasta que nos comunique libremente su derecho de acceso, modificaci\u00f3n de datos inexactos o supresi\u00f3n\/cancelaci\u00f3n.<\/p>\n<p><b>\u00bfCu\u00e1l es la base legal para el tratamiento de sus datos?<\/b><\/p>\n<p>La base legal es su consentimiento inequ\u00edvoco, cuando nos env\u00eda su CV.<\/p>\n<p><b>\u00bfDurante cu\u00e1nto tiempo conservaremos los datos personales?<\/b><\/p>\n<p>Por un per\u00edodo m\u00ednimo de 1 a\u00f1o o hasta la revocaci\u00f3n del consentimiento otorgado.<\/p>\n<h2>CANAL \u00c9TICO<\/h2>\n<p><b>\u00bfQu\u00e9 datos recopilamos a trav\u00e9s de la Web?<\/b><\/p>\n<p>Si se identifica, podremos recopilar: nombre, apellidos, correo electr\u00f3nico, n\u00famero de tel\u00e9fono y los datos personales de terceros que nos facilite en la comunicaci\u00f3n.<\/p>\n<p><b>\u00bfCon qu\u00e9 fines trataremos sus datos personales?<\/b><\/p>\n<ul>\n<li>Gestionar las comunicaciones.<\/li>\n<li>Adoptar las medidas correctivas correspondientes y,<\/li>\n<li>Si es necesario, informarle sobre el resultado del procedimiento.<\/li>\n<\/ul>\n<p><b>\u00bfCu\u00e1l es la base legal para el tratamiento de sus datos?<\/b><\/p>\n<p>La base legal es la obligaci\u00f3n legal o, en su defecto, el inter\u00e9s p\u00fablico.<\/p>\n<p><b>\u00bfDurante cu\u00e1nto tiempo conservaremos los datos personales?<\/b><\/p>\n<p>Los datos se conservar\u00e1n durante el tiempo estrictamente necesario para esclarecer los hechos denunciados. En cualquier caso, despu\u00e9s de seis (6) meses los datos facilitados ser\u00e1n anonimizados salvo que sean investigados en un entorno legal diferente.<\/p>\n<p><b>\u00bfIncluimos datos personales de terceros?<\/b><\/p>\n<p>No. Como norma general, solo tratamos los datos enviados por sus propios titulares. Si nos facilita datos de terceros, antes deber\u00e1 informar a dichos terceros y solicitar su consentimiento; de lo contrario, nos exime de cualquier responsabilidad por el incumplimiento de este requisito.<\/p>\n<p><b>\u00bfY datos de menores?<\/b><\/p>\n<p>No tratamos datos de menores de 14 a\u00f1os. Por lo tanto, rogamos se abstenga de facilitarnos dichos datos si no tiene esa edad o, en su caso, de proporcionar datos de terceros que no tengan esa edad. Nucleoo declina cualquier responsabilidad por el incumplimiento de esta disposici\u00f3n.<\/p>\n<p><b>\u00bfRealizamos comunicaciones electr\u00f3nicas?<\/b><\/p>\n<ul>\n<li>Se realizan \u00fanicamente para gestionar su solicitud si la comunicaci\u00f3n electr\u00f3nica es uno de los medios de comunicaci\u00f3n que nos ha proporcionado.<\/li>\n<li>Si realizamos comunicaciones comerciales, ser\u00e1 porque previamente y de forma expresa usted las haya autorizado.<\/li>\n<\/ul>\n<p><b>\u00bfQu\u00e9 medidas de seguridad aplicamos?<\/b><\/p>\n<p>Puede estar tranquilo: hemos adoptado un nivel \u00f3ptimo de protecci\u00f3n para los Datos Personales que tratamos, y hemos instalado todos los medios y medidas t\u00e9cnicas a nuestro alcance seg\u00fan el estado de la tecnolog\u00eda para evitar la p\u00e9rdida, mal uso, alteraci\u00f3n, acceso no autorizado y robo de los datos personales.<\/p>\n<p><b>\u00bfA qui\u00e9n se ceder\u00e1n sus datos?<\/b><\/p>\n<p>Sus datos no ser\u00e1n cedidos a terceros, salvo que exista una obligaci\u00f3n legal. En concreto, sus datos ser\u00e1n comunicados a la Agencia Tributaria y a bancos y entidades financieras para el cobro del servicio prestado o producto adquirido, y a los encargados del tratamiento de datos cuando sea necesario para la ejecuci\u00f3n del contrato.<\/p>\n<p>En caso de compra o pago, si elige una aplicaci\u00f3n, plataforma, tarjeta bancaria u otro servicio en l\u00ednea, sus datos ser\u00e1n transferidos a esa plataforma o ser\u00e1n tratados en su entorno, siempre con la m\u00e1xima seguridad.<\/p>\n<p>Cuando se lo comuniquemos, la empresa de desarrollo y mantenimiento web o la empresa de hosting tendr\u00e1n acceso a nuestra web. Estas empresas habr\u00e1n firmado un contrato de prestaci\u00f3n de servicios que les obliga a mantener los mismos est\u00e1ndares de privacidad que nosotros.<\/p>\n<p>Cuando se utilicen aplicaciones estadounidenses, cualquier transferencia internacional de datos se adherir\u00e1 al acuerdo Privacy Shield, que garantiza que las empresas de software de EE.UU. cumplen con las pol\u00edticas europeas de protecci\u00f3n de datos en materia de privacidad.<\/p>\n<p><b>Sus derechos<\/b><\/p>\n<ul>\n<li>Saber si estamos tratando sus datos o no.<\/li>\n<li>Acceder a sus datos personales.<\/li>\n<li>Solicitar la rectificaci\u00f3n de sus datos si son incorrectos.<\/li>\n<li>Solicitar la supresi\u00f3n de sus datos si ya no son necesarios para los fines para los que fueron recogidos o si retira el consentimiento que nos otorg\u00f3.<\/li>\n<li>Solicitar la limitaci\u00f3n del tratamiento de sus datos, en determinadas situaciones, en cuyo caso solo los conservaremos de acuerdo con la normativa vigente.<\/li>\n<li>Solicitar la portabilidad de sus datos, que le ser\u00e1n suministrados en un formato estructurado, de uso com\u00fan o lectura mec\u00e1nica. Si lo prefiere, podemos enviarlos al nuevo responsable que designe. Esto es v\u00e1lido solo en determinados casos.<\/li>\n<li>Presentar una reclamaci\u00f3n ante la Agencia Espa\u00f1ola de Protecci\u00f3n de Datos o autoridad de control competente, si considera que no le hemos tratado adecuadamente.<\/li>\n<li>Retirar su consentimiento para cualquier tratamiento para el que nos lo haya otorgado, en cualquier momento.<\/li>\n<\/ul>\n<p>Si alguno de sus datos cambia, le agradeceremos que nos lo comunique, para mantenerlos actualizados.<\/p>\n<p><b>\u00bfDesea un formulario para ejercer sus derechos?<\/b><\/p>\n<ul>\n<li>Disponemos de formularios para que pueda ejercer sus derechos. Puede solicitarlos por correo electr\u00f3nico o, si lo prefiere, puede utilizar los formularios elaborados por la Agencia Espa\u00f1ola de Protecci\u00f3n de Datos u otros terceros.<\/li>\n<li>Estos formularios deben estar firmados electr\u00f3nicamente o acompa\u00f1ados de fotocopia de su documento de identidad.<\/li>\n<li>Si alguien le representa, deber\u00e1 adjuntar copia de su documento de identidad, o firmar con su firma electr\u00f3nica.<\/li>\n<li>Los formularios pueden presentarse en persona o enviarse por carta o por correo postal a la direcci\u00f3n del responsable indicada al inicio de este texto.<\/li>\n<\/ul>\n<p><b>\u00bfCu\u00e1nto tardamos en responder al ejercicio de sus derechos?<\/b><\/p>\n<p>Depende del derecho, pero como m\u00e1ximo un mes desde su solicitud y dos meses si la cuesti\u00f3n es muy compleja y le notificamos que necesitamos m\u00e1s tiempo.<\/p>\n<p><b>\u00bfTratamos cookies?<\/b><\/p>\n<p>Si utilizamos cookies que no sean las necesarias, podr\u00e1 consultar la Pol\u00edtica de cookies.<\/p>\n<p><b>\u00bfDurante cu\u00e1nto tiempo conservamos sus datos personales?<\/b><\/p>\n<ul>\n<li>Sus datos personales se conservan mientras mantenga una relaci\u00f3n con nosotros.<\/li>\n<li>Una vez finalizada dicha relaci\u00f3n, los datos personales tratados para cada finalidad se conservar\u00e1n durante los plazos legalmente establecidos, incluyendo el plazo en el que un juez o tribunal pueda solicitarlos, teniendo en cuenta los plazos de prescripci\u00f3n de las acciones legales.<\/li>\n<li>Los datos tratados se conservar\u00e1n mientras no expiren los plazos legales mencionados anteriormente, si existe una obligaci\u00f3n legal de conservarlos o, si no hay un plazo legal, hasta que el interesado solicite su supresi\u00f3n o retire el consentimiento otorgado.<\/li>\n<li>Conservaremos toda la informaci\u00f3n y comunicaciones relacionadas con su compra o con la prestaci\u00f3n de nuestro servicio mientras duren las garant\u00edas de los productos o servicios, para atender posibles reclamaciones.<\/li>\n<li>Para cada tratamiento de datos o tipo de datos, le proporcionamos un per\u00edodo espec\u00edfico, que puede consultar en la siguiente tabla:<\/li>\n<\/ul>\n<table>\n<tbody>\n<tr class=\"thead\">\n<td>Archivo<\/td>\n<td>Documento<\/td>\n<td>Conservaci\u00f3n<\/td>\n<\/tr>\n<tr>\n<td><\/td>\n<td>Curr\u00edculums<\/td>\n<td>Hasta la adjudicaci\u00f3n de una vacante, m\u00e1ximo 1 a\u00f1o o hasta que nos comunique libremente su derecho de acceso, modificaci\u00f3n de datos inexactos o supresi\u00f3n \/ cancelaci\u00f3n.<\/td>\n<\/tr>\n<tr>\n<td>Marketing<\/td>\n<td>Bases de datos o visitantes web.<\/td>\n<td>Durante el tratamiento de los datos.<\/td>\n<\/tr>\n<tr>\n<td rowspan=\"2\">Proveedores<\/td>\n<td>Facturas<\/td>\n<td>10 a\u00f1os.<\/td>\n<\/tr>\n<tr>\n<td>Contratos<\/td>\n<td>5 a\u00f1os.<\/td>\n<\/tr>\n<tr>\n<td rowspan=\"3\">Legal<\/td>\n<td>Documentos de Propiedad Intelectual e Industrial. Contratos y acuerdos.<\/td>\n<td>5 a\u00f1os.<\/td>\n<\/tr>\n<tr>\n<td>Permisos, licencias, certificados.<\/td>\n<td>6 a\u00f1os desde el d\u00eda de expiraci\u00f3n del permiso, licencia o certificado.<\/td>\n<\/tr>\n<tr>\n<td>Acuerdos de confidencialidad y no competencia.<\/td>\n<td>Siempre durante el plazo de la obligaci\u00f3n o confidencialidad.<\/td>\n<\/tr>\n<tr>\n<td rowspan=\"2\">LOPD<\/td>\n<td>Tratamiento de datos personales, si es distinto del tratamiento notificado a la Agencia Espa\u00f1ola de Protecci\u00f3n de Datos (AEPD).<\/td>\n<td>3 a\u00f1os.<\/td>\n<\/tr>\n<tr>\n<td>Datos personales de empleados almacenados en la red, ordenadores y equipos de comunicaci\u00f3n que utilicen, controles de acceso y sistemas de gesti\u00f3n \/ administraci\u00f3n interna.<\/td>\n<td>5 a\u00f1os.<\/td>\n<\/tr>\n<\/tbody>\n<\/table>\n<p>&nbsp;<\/p>\n","protected":false},"excerpt":{"rendered":"<p>La Pol\u00edtica de privacidad forma parte de las Condiciones generales que rigen este sitio web. Versi\u00f3n 2, 27 de septiembre de 2023 \u00bfQui\u00e9n es responsable del tratamiento de sus datos? Nucleoo Consulting Spain SLU (d.b.a. \u2018nucleoo\u2019) N.\u00ba de identificaci\u00f3n fiscal: B86913365 Direcci\u00f3n: Calle Gran V\u00eda de Col\u00f3n, 21, 3A, 18001, Granada (Espa\u00f1a). Tel.: +34 958 &hellip; <a href=\"https:\/\/www.nucleoo.com\/es\/legal\/privacy-policy\/\">Continued<\/a><\/p>\n","protected":false},"author":1,"featured_media":0,"parent":2417,"menu_order":11,"comment_status":"closed","ping_status":"closed","template":"","meta":{"_acf_changed":false,"footnotes":""},"class_list":["post-2415","page","type-page","status-publish","hentry"],"acf":[],"_links":{"self":[{"href":"https:\/\/www.nucleoo.com\/es\/wp-json\/wp\/v2\/pages\/2415","targetHints":{"allow":["GET"]}}],"collection":[{"href":"https:\/\/www.nucleoo.com\/es\/wp-json\/wp\/v2\/pages"}],"about":[{"href":"https:\/\/www.nucleoo.com\/es\/wp-json\/wp\/v2\/types\/page"}],"author":[{"embeddable":true,"href":"https:\/\/www.nucleoo.com\/es\/wp-json\/wp\/v2\/users\/1"}],"replies":[{"embeddable":true,"href":"https:\/\/www.nucleoo.com\/es\/wp-json\/wp\/v2\/comments?post=2415"}],"version-history":[{"count":5,"href":"https:\/\/www.nucleoo.com\/es\/wp-json\/wp\/v2\/pages\/2415\/revisions"}],"predecessor-version":[{"id":2921,"href":"https:\/\/www.nucleoo.com\/es\/wp-json\/wp\/v2\/pages\/2415\/revisions\/2921"}],"up":[{"embeddable":true,"href":"https:\/\/www.nucleoo.com\/es\/wp-json\/wp\/v2\/pages\/2417"}],"wp:attachment":[{"href":"https:\/\/www.nucleoo.com\/es\/wp-json\/wp\/v2\/media?parent=2415"}],"curies":[{"name":"wp","href":"https:\/\/api.w.org\/{rel}","templated":true}]}}